{"id":42,"date":"2008-12-14T18:41:27","date_gmt":"2008-12-14T17:41:27","guid":{"rendered":"http:\/\/www.simploo.pl\/projekty\/?page_id=42"},"modified":"2008-12-14T18:41:27","modified_gmt":"2008-12-14T17:41:27","slug":"gdzie-dzialamy","status":"publish","type":"page","link":"https:\/\/www.simploo.pl\/index.php\/gdzie-dzialamy\/","title":{"rendered":"Gdzie dzia\u0142amy"},"content":{"rendered":"<p>\t\t\t\t<a href=\"http:\/\/www.simploo.pl\/projekty\/wp-content\/uploads\/2008\/12\/6.jpg\"><img loading=\"lazy\" decoding=\"async\" class=\"aligncenter size-full wp-image-438\" title=\"6\" src=\"http:\/\/www.simploo.pl\/projekty\/wp-content\/uploads\/2008\/12\/6.jpg\" alt=\"\" width=\"620\" height=\"230\" \/><\/a><\/p>\n<h3>Warszawa i okolice Warszawy<\/h3>\n<p>Projekty budowlane i remontowe realizujemy na terenie wojew\u00f3dztwa mazowieckiego, w okolicach Warszawy, P\u0142ocka, jak r\u00f3wnie\u017c w samej Warszawie. Dysponujemy mobiln\u0105 ekip\u0105 remontow\u0105, dzi\u0119ki czemu jeste\u015bmy w stanie prowadzi\u0107 prace budowlane i remontowe poza baz\u0105 firmy w Gostyninie.<\/p>\n<p>Sprawd\u017a <a href=\"http:\/\/www.simploo.pl\/cennik\">cennik naszych us\u0142ug<\/a> i postaw na pe\u0142en profesjonalizm.\t\t<\/p>\n","protected":false},"excerpt":{"rendered":"<p>Warszawa i okolice Warszawy Projekty budowlane i remontowe realizujemy na terenie wojew\u00f3dztwa mazowieckiego, w okolicach Warszawy, P\u0142ocka, jak r\u00f3wnie\u017c w samej Warszawie. Dysponujemy mobiln\u0105 ekip\u0105 remontow\u0105, dzi\u0119ki czemu jeste\u015bmy w stanie prowadzi\u0107 prace budowlane i remontowe poza baz\u0105 firmy w Gostyninie. Sprawd\u017a cennik naszych us\u0142ug i postaw na pe\u0142en profesjonalizm.<\/p>\n","protected":false},"author":1,"featured_media":0,"parent":0,"menu_order":3,"comment_status":"closed","ping_status":"open","template":"","meta":{"footnotes":""},"class_list":["post-42","page","type-page","status-publish","hentry"],"_links":{"self":[{"href":"https:\/\/www.simploo.pl\/index.php\/wp-json\/wp\/v2\/pages\/42","targetHints":{"allow":["GET"]}}],"collection":[{"href":"https:\/\/www.simploo.pl\/index.php\/wp-json\/wp\/v2\/pages"}],"about":[{"href":"https:\/\/www.simploo.pl\/index.php\/wp-json\/wp\/v2\/types\/page"}],"author":[{"embeddable":true,"href":"https:\/\/www.simploo.pl\/index.php\/wp-json\/wp\/v2\/users\/1"}],"replies":[{"embeddable":true,"href":"https:\/\/www.simploo.pl\/index.php\/wp-json\/wp\/v2\/comments?post=42"}],"version-history":[{"count":0,"href":"https:\/\/www.simploo.pl\/index.php\/wp-json\/wp\/v2\/pages\/42\/revisions"}],"wp:attachment":[{"href":"https:\/\/www.simploo.pl\/index.php\/wp-json\/wp\/v2\/media?parent=42"}],"curies":[{"name":"wp","href":"https:\/\/api.w.org\/{rel}","templated":true}]}}